{"id":2777,"date":"2019-08-26T17:26:14","date_gmt":"2019-08-26T14:26:14","guid":{"rendered":"https:\/\/ngedi.co.il\/our-story\/"},"modified":"2024-07-09T09:57:28","modified_gmt":"2024-07-09T06:57:28","slug":"unsere-geschichte","status":"publish","type":"page","link":"https:\/\/ngedi.co.il\/de\/unsere-geschichte\/","title":{"rendered":"Unsere Geschichte"},"content":{"rendered":"<p><div class=\"fusion-fullwidth fullwidth-box fusion-builder-row-1 nonhundred-percent-fullwidth non-hundred-percent-height-scrolling\" style=\"--awb-border-radius-top-left:0px;--awb-border-radius-top-right:0px;--awb-border-radius-bottom-right:0px;--awb-border-radius-bottom-left:0px;--awb-flex-wrap:wrap;\" ><div class=\"fusion-builder-row fusion-row\"><div class=\"fusion-layout-column fusion_builder_column fusion-builder-column-0 fusion_builder_column_1_1 1_1 fusion-one-full fusion-column-first fusion-column-last\" style=\"--awb-bg-size:cover;\"><div class=\"fusion-column-wrapper fusion-flex-column-wrapper-legacy\"><div class=\"fusion-text fusion-text-1\"><p style=\"letter-spacing: 4px; font-size: 20px; text-align: center; margin-bottom: 0px;\">The Ein Gedi Hotel<\/p>\n<h1 style=\"text-align: center;\">Unsere Geschichte<\/h1>\n<\/div><div class=\"fusion-sep-clear\"><\/div><div class=\"fusion-separator\" style=\"margin-left: auto;margin-right: auto;margin-top:0px;margin-bottom:60px;width:100%;max-width:50px;\"><div class=\"fusion-separator-border sep-single sep-solid\" style=\"--awb-height:20px;--awb-amount:20px;--awb-sep-color:#cbaa5c;border-color:#cbaa5c;border-top-width:1px;\"><\/div><\/div><div class=\"fusion-sep-clear\"><\/div><div class=\"fusion-clearfix\"><\/div><\/div><\/div><\/div><\/div><div class=\"fusion-fullwidth fullwidth-box fusion-builder-row-2 nonhundred-percent-fullwidth non-hundred-percent-height-scrolling\" style=\"--awb-border-radius-top-left:0px;--awb-border-radius-top-right:0px;--awb-border-radius-bottom-right:0px;--awb-border-radius-bottom-left:0px;--awb-flex-wrap:wrap;\" ><div class=\"fusion-builder-row fusion-row\"><div class=\"fusion-layout-column fusion_builder_column fusion-builder-column-1 fusion_builder_column_3_4 3_4 fusion-three-fourth fusion-column-first\" style=\"--awb-bg-size:cover;width:75%;width:calc(75% - ( ( 4% ) * 0.75 ) );margin-right: 4%;\"><div class=\"fusion-column-wrapper fusion-flex-column-wrapper-legacy\"><div class=\"fusion-text fusion-text-2\"><p>Das Ein Gedi Hotel wurde von unseren G\u00e4sten und nicht von uns gegr\u00fcndet.<\/p>\n<p>Um genauer zu sein, es begann mit sieben Frauen aus Rehovot, die \u00fcber die heilenden Eigenschaften des Toten Meeres geh\u00f6rt haben und beschlossen, einen Urlaub in Ein Gedi zu machen. Zu dieser Zeit war die Stadt ein kleiner Kibbutz, ohne asphaltierte Stra\u00dfe oder organisierten Transport.<\/p>\n<p>Jeden Morgen, eine der Kibbutz- Mitglieder hat diese Frauen an den Strand mit dem &#8220; Kommandowagen \u201c mitgenommen. Jede der Frauen grub ein Loch f\u00fcr sich selbst in der N\u00e4he einer der Quellen und setzte sich hinein, bis der Kommandowagen kam, um sie zum Kibbuz zur\u00fcckzubringen. Das Wort \u00fcber diesen gro\u00dfartigen entfernten Standort verbreitete sich und bald gab es eine wachsende Nachfrage, um diesen Ort zu besuchen.<\/p>\n<p>Eine der unternehmenslustigen Kibbutz-Mitglieder entschied, zwei Holzh\u00fctten von der alten in die neue Siedlung auf dem H\u00fcgel wo Ein Gedi ist, zu verlegen. Er hat ein Geb\u00e4ude aus Beton f\u00fcr die Duschen und WC, zur gemeinsamen Nutzung aller G\u00e4ste gebaut und auf diese Weise wurde das Ein Gedi G\u00e4stehaus errichtet.<\/p>\n<h4>Ein bescheidener Anfang<\/h4>\n<p>Der Anfang war bescheiden und einfach. Hosting war immer f\u00fcr eine ganze Woche, da der Egged Bus nur einmal pro Woche kam. Wenn eine neue Gruppe ankommen w\u00fcrde, das gesamte Personal \u2013 bestand aus vier Personen- w\u00fcrde auf dem Bus steigen, um das Gep\u00e4ck auszuladen und sie zu den Zimmern zu bringen. Nach der Abreise der G\u00e4sten w\u00fcrden die Frauen von Kibbuz die Zimmer sauber und bereit f\u00fcr den n\u00e4chsten Besuch machen. Im weiteren Verlauf der Woche waren die G\u00e4ste f\u00fcr die Reinigung ihrer Zimmer und f\u00fcr das Wechsel ihrer Bettt\u00fccher selbst verantwortlich. Es gab keine Handt\u00fccher und jeder Gast musste seinen oder ihren eigenen mitbringen. Die G\u00e4ste hatten einen Tisch im Kibbuz Esszimmer und ein Kibbuz Mitglied wurde ernannt, um spezielle Nahrung f\u00fcr sie zu kochen und dies auf den Tisch zu servieren. Wie das G\u00e4stehaus wuchs, wuchs auch die Notwendigkeit f\u00fcr zus\u00e4tzliche Tischen. Hitzige Sitzungen fanden im Kibbuz statt, bis es beschlossen wurde, dass ein zus\u00e4tzliches separates Esszimmer gebaut werden soll, und von diesem Augenblick waren die Mitglieder des Kibbuz nicht mehr in der Lage, die k\u00f6stlichen Spezialit\u00e4ten die von den G\u00e4sten zur\u00fcckblieben zu genie\u00dfen&#8230;<\/p>\n<p>Sp\u00e4ter wurde eine weitere Holzh\u00fctte aus der alten Siedlung hochgebracht. Der unbequeme &#8222;Kommandowagen&#8220; wurde durch den Studiobaker ersetzt . Am Strand wurden Duschen installiert, ein besserer Zugang zum Strand wurde auch gebaut und ein gro\u00dfes Flo\u00df wurde zugegeben, an dem die G\u00e4ste viele angenehme Stunden verbrachten, bis der Studebaker kam, um sie wieder in den Kibbuz zur\u00fcckzubringen.<\/p>\n<p>In diesem Stadium wurde beschlossen, einen Wellnessbereich mit Pools von hei\u00dfen Schwefelwasser zu bauen. Der Manager des G\u00e4stehauses w\u00fcrde jeden Morgen die Pumpe des Schwefel-Pools betreiben und nach zwei Stunden mit den G\u00e4sten zur\u00fcckkehren, wenn die Pools voll waren. Am Ende des Tages w\u00fcrde er wiederkommen, um die Becken zu entleeren und die G\u00e4ste zu ihren Zimmern zur\u00fcckzubringen.<\/p>\n<h4>&#8222;Abonnementzeitraum&#8220;<\/h4>\n<p>Die hohe Nachfrage nach Ferien in Ein Gedi war \u00fcberraschend und unerwartet. Es wuchs bis zu dem Punkt, an dem der Kibbuz keine neue G\u00e4ste mehr akzeptieren konnte. Der Verkauf war im Grunde genommen nur an eine Gruppe von alten Abonnenten, die zweimal im Jahr zu festen Terminen ankammen. Rund um diese Gruppe wurde eine ganze Folklore entwickelt. Menschen verebten ihre &#8222;Abonnementen&#8220; in Ein Gedi ihren Kinder und dies wurde einmal sogar auf der Kol Israel Radiosender diskutiert, die einige Erkl\u00e4rungen von der Pension-Manager erforderten, warum andere G\u00e4ste nicht akzeptiert wurden.<\/p>\n<p>Das G\u00e4stehaus hat weiter gewachsen. Die Holzh\u00fctten wurden mit Betonbauten ersetzt. In der Mitte des G\u00e4stehaus-Hofes war eine gro\u00dfe Rasenfl\u00e4che mit zwei kleinen B\u00e4ume &#8211; weniger als einen Meter hoch &#8211; Dies sind die beiden riesigen Baobabb\u00e4ume, die heute existieren. Die Rasenfl\u00e4che wurde die zentrale Anlaufstelle f\u00fcr G\u00e4ste und ihr soziales und kulturelles Leben. Jeden Nachmittag w\u00fcrden die G\u00e4ste in diesem Naturraum gehen, um zu treffen, singen, Geschichten erz\u00e4hlen und die einzigartige und intime Atmosph\u00e4re zu schaffen, f\u00fcr die Ein Gedi so bekannt ist. Menschen aus allen Gesellschaftsschichten und aus verschiedenen Orten und Kulturen haben barfu\u00df auf dem Rasen, in kurzen Hosen und T-Shirts getroffen und verbrachten viele Stunden zusammen.<\/p>\n<h4>Ausbau und Erweiterung<\/h4>\n<p>Im Laufe der Jahre wurde der Ort weiter ausgebaut. Ein Gedi wurde zum Synonym f\u00fcr Gesundheit, Ruhe und gesegnete Einfachheit. Yoske Arieli, der Vater eines Kibbuzmitglieders nahm Kontakt mit Menschen aus Deutschland, seinem Geburtsort auf. Er begann Menschen aus Deutschland zu bringen, die Ein Gedi liebten und f\u00fcr Dutzende von Jahren mit der gleichen Liebe und Hingabe zur\u00fcckkehrten. Viele von ihnen haben Ein Gedi als ihre zweite Heimat betrachtet. Die tiefe Verbindung zwischen den israelischen und deutschen G\u00e4sten und den Kibbuz-Mitglieder war au\u00dfergew\u00f6hnlich und gab dem Ort eine einzigartige Atmosph\u00e4re von Freundschaft und Liebe f\u00fcr die Menschheit, die \u00dcberwindung historischen, kulturellen und geographischen Grenzen.<\/p>\n<p>Die kommenden Jahre gaben Ausbau und Erweiterung. Im Jahr 1984 wurde das alte Kurhaus verlassen und durch die aktuelle, mit sechs Pools, ein Restaurant, ein S\u00fc\u00dfwasserpool und eine gro\u00dfe Kosmetik-Boutique ersetzt. Im Jahr 2000 wurde der &#8222;Arugot&#8220; Fl\u00fcgel der Pension mit 32 ger\u00e4umigen und elegant gestalteten Zimmer aufgebaut; der Pool wurde renoviert und erweitert; die G\u00e4rten waren liebevoll angelegt und der gro\u00dfe Empfangsfl\u00fcgel gebaut, darunter ein kleines Gesch\u00e4ft und eine Bar, in der man die Abende verbringen konnte. Gleichzeitig ist die Belegschaft gewachsen.<\/p>\n<p>Im Jahr 2012 wurde beschlossen, dass das Gasthaus zu einen vollwertiges Hotel verwandelt und der neue Boutique-Fl\u00fcgel eingerichtet werden soll. Heute enth\u00e4lt dieser Fl\u00fcgel die Arugot Zimmer, die Mini-Suiten und die Deluxe-Zimmer, und der H\u00f6hepunkt der Einrichtung &#8211; die luxuri\u00f6se Synergie Spa. Das Personal wurde durch einen neuen K\u00fcchenchef erweitert, der ein Original-Men\u00fc mit frischen, gesunden Zutaten mit einer Vielzahl von Gem\u00fcse entwickelte.<\/p>\n<p>Trotz der Erweiterung hat das Hotel seinen urspr\u00fcnglichen intimen Dorfcharakter behalten. Heute verf\u00fcgt es \u00fcber 166 Zimmer, verteilt auf Geb\u00e4uden von bis zu zwei Etagen mit gr\u00fcnen G\u00e4rten in einer Parklandschaft, mit riesigen B\u00e4ume, wie der Baobab und Ficus benghalensis und vor allem &#8211; die Ruhe, Stille und unvergleichliche Sch\u00f6nheit der W\u00fcste.<\/p>\n<h4>Wir freuen uns, Sie hier zu begr\u00fc\u00dfen.<\/h4>\n<p><strong>Bisherige Hotel Managers:<\/strong><\/p>\n<p>Herzel Sinai \u2013 1961-1966, 1969-1976<br \/>\nMano Barak \u2013 1966-1969<br \/>\nDan Beniahu \u2013 1976-1979<br \/>\nAmichai Alber \u2013 1979-1984<br \/>\nGadi Chofesh \u2013 1985-1990<br \/>\nItzik Mazor \u2013 1991-1994<br \/>\nYaakov Israeli (Kuki)\u00a0 \u2013 1994-2001<br \/>\nYochai Ross \u2013 2001-2008<br \/>\nNira Ramon \u2013 2008-2012<br \/>\nDavid Ben Anat \u2013 2012-2016<br \/>\nAdam Tannenbaum \u2013 2017 &#8211; 2018<br \/>\nMoshe Lego \u2013 2018 \u2013 2019<br \/>\nYuval Avramzon 2019-2020<br \/>\nTom Geva &#8211; 2020-2022<br \/>\nDorina Tigelnik &#8211; 2022<\/p>\n<p>Und mit ihnen das gro\u00dfe Team von Kibbuzmitglieder, die gearbeitet haben und auch heute mit viel Liebe und Engagement arbeiten.<\/p>\n<\/div><div class=\"fusion-clearfix\"><\/div><\/div><\/div><div class=\"fusion-layout-column fusion_builder_column fusion-builder-column-2 fusion_builder_column_1_4 1_4 fusion-one-fourth fusion-column-last\" style=\"--awb-bg-size:cover;width:25%;width:calc(25% - ( ( 4% ) * 0.25 ) );\"><div class=\"fusion-column-wrapper fusion-column-has-shadow fusion-flex-column-wrapper-legacy\"><div class=\"fusion-image-element in-legacy-container\" style=\"--awb-max-width:220px;--awb-caption-title-font-family:var(--h2_typography-font-family);--awb-caption-title-font-weight:var(--h2_typography-font-weight);--awb-caption-title-font-style:var(--h2_typography-font-style);--awb-caption-title-size:var(--h2_typography-font-size);--awb-caption-title-transform:var(--h2_typography-text-transform);--awb-caption-title-line-height:var(--h2_typography-line-height);--awb-caption-title-letter-spacing:var(--h2_typography-letter-spacing);\"><span class=\" fusion-imageframe imageframe-none imageframe-1 hover-type-none\"><img decoding=\"async\" width=\"220\" height=\"344\" title=\"story01\" src=\"https:\/\/ngedi.co.il\/wp-content\/uploads\/2019\/04\/story01.jpg\" alt class=\"img-responsive wp-image-2781\" srcset=\"https:\/\/ngedi.co.il\/wp-content\/uploads\/2019\/04\/story01-200x313.jpg 200w, https:\/\/ngedi.co.il\/wp-content\/uploads\/2019\/04\/story01.jpg 220w\" sizes=\"(max-width: 800px) 100vw, 220px\" \/><\/span><\/div><div class=\"fusion-image-element in-legacy-container\" style=\"--awb-max-width:220px;--awb-caption-title-font-family:var(--h2_typography-font-family);--awb-caption-title-font-weight:var(--h2_typography-font-weight);--awb-caption-title-font-style:var(--h2_typography-font-style);--awb-caption-title-size:var(--h2_typography-font-size);--awb-caption-title-transform:var(--h2_typography-text-transform);--awb-caption-title-line-height:var(--h2_typography-line-height);--awb-caption-title-letter-spacing:var(--h2_typography-letter-spacing);\"><span class=\" fusion-imageframe imageframe-none imageframe-2 hover-type-none\"><img decoding=\"async\" width=\"583\" height=\"576\" title=\"story02\" src=\"https:\/\/ngedi.co.il\/wp-content\/uploads\/2019\/04\/story02.png\" alt class=\"img-responsive wp-image-2782\" srcset=\"https:\/\/ngedi.co.il\/wp-content\/uploads\/2019\/04\/story02-200x198.png 200w, https:\/\/ngedi.co.il\/wp-content\/uploads\/2019\/04\/story02-400x395.png 400w, https:\/\/ngedi.co.il\/wp-content\/uploads\/2019\/04\/story02.png 583w\" sizes=\"(max-width: 800px) 100vw, 400px\" \/><\/span><\/div><div class=\"fusion-image-element in-legacy-container\" style=\"--awb-max-width:220px;--awb-caption-title-font-family:var(--h2_typography-font-family);--awb-caption-title-font-weight:var(--h2_typography-font-weight);--awb-caption-title-font-style:var(--h2_typography-font-style);--awb-caption-title-size:var(--h2_typography-font-size);--awb-caption-title-transform:var(--h2_typography-text-transform);--awb-caption-title-line-height:var(--h2_typography-line-height);--awb-caption-title-letter-spacing:var(--h2_typography-letter-spacing);\"><span class=\" fusion-imageframe imageframe-none imageframe-3 hover-type-none\"><img decoding=\"async\" width=\"290\" height=\"350\" title=\"story03\" src=\"https:\/\/ngedi.co.il\/wp-content\/uploads\/2019\/04\/story03.png\" alt class=\"img-responsive wp-image-2783\" srcset=\"https:\/\/ngedi.co.il\/wp-content\/uploads\/2019\/04\/story03-200x241.png 200w, https:\/\/ngedi.co.il\/wp-content\/uploads\/2019\/04\/story03.png 290w\" sizes=\"(max-width: 800px) 100vw, 290px\" \/><\/span><\/div><div class=\"fusion-image-element in-legacy-container\" style=\"--awb-max-width:220px;--awb-caption-title-font-family:var(--h2_typography-font-family);--awb-caption-title-font-weight:var(--h2_typography-font-weight);--awb-caption-title-font-style:var(--h2_typography-font-style);--awb-caption-title-size:var(--h2_typography-font-size);--awb-caption-title-transform:var(--h2_typography-text-transform);--awb-caption-title-line-height:var(--h2_typography-line-height);--awb-caption-title-letter-spacing:var(--h2_typography-letter-spacing);\"><span class=\" fusion-imageframe imageframe-none imageframe-4 hover-type-none\"><img decoding=\"async\" width=\"240\" height=\"420\" title=\"story04\" src=\"https:\/\/ngedi.co.il\/wp-content\/uploads\/2019\/04\/story04.png\" alt class=\"img-responsive wp-image-2784\" srcset=\"https:\/\/ngedi.co.il\/wp-content\/uploads\/2019\/04\/story04-200x350.png 200w, https:\/\/ngedi.co.il\/wp-content\/uploads\/2019\/04\/story04.png 240w\" sizes=\"(max-width: 800px) 100vw, 240px\" \/><\/span><\/div><div class=\"fusion-image-element in-legacy-container\" style=\"--awb-max-width:220px;--awb-caption-title-font-family:var(--h2_typography-font-family);--awb-caption-title-font-weight:var(--h2_typography-font-weight);--awb-caption-title-font-style:var(--h2_typography-font-style);--awb-caption-title-size:var(--h2_typography-font-size);--awb-caption-title-transform:var(--h2_typography-text-transform);--awb-caption-title-line-height:var(--h2_typography-line-height);--awb-caption-title-letter-spacing:var(--h2_typography-letter-spacing);\"><span class=\" fusion-imageframe imageframe-none imageframe-5 hover-type-none\"><img decoding=\"async\" width=\"615\" height=\"530\" title=\"story06\" src=\"https:\/\/ngedi.co.il\/wp-content\/uploads\/2019\/04\/story06.png\" alt class=\"img-responsive wp-image-2785\" srcset=\"https:\/\/ngedi.co.il\/wp-content\/uploads\/2019\/04\/story06-200x172.png 200w, https:\/\/ngedi.co.il\/wp-content\/uploads\/2019\/04\/story06-400x345.png 400w, https:\/\/ngedi.co.il\/wp-content\/uploads\/2019\/04\/story06-600x517.png 600w, https:\/\/ngedi.co.il\/wp-content\/uploads\/2019\/04\/story06.png 615w\" sizes=\"(max-width: 800px) 100vw, 400px\" \/><\/span><\/div><div class=\"fusion-image-element in-legacy-container\" style=\"--awb-max-width:220px;--awb-caption-title-font-family:var(--h2_typography-font-family);--awb-caption-title-font-weight:var(--h2_typography-font-weight);--awb-caption-title-font-style:var(--h2_typography-font-style);--awb-caption-title-size:var(--h2_typography-font-size);--awb-caption-title-transform:var(--h2_typography-text-transform);--awb-caption-title-line-height:var(--h2_typography-line-height);--awb-caption-title-letter-spacing:var(--h2_typography-letter-spacing);\"><span class=\" fusion-imageframe imageframe-none imageframe-6 hover-type-none\"><img decoding=\"async\" width=\"250\" height=\"172\" title=\"story07\" src=\"https:\/\/ngedi.co.il\/wp-content\/uploads\/2019\/04\/story07.png\" alt class=\"img-responsive wp-image-2778\" srcset=\"https:\/\/ngedi.co.il\/wp-content\/uploads\/2019\/04\/story07-200x138.png 200w, https:\/\/ngedi.co.il\/wp-content\/uploads\/2019\/04\/story07.png 250w\" sizes=\"(max-width: 800px) 100vw, 250px\" \/><\/span><\/div><div class=\"fusion-clearfix\"><\/div><\/div><\/div><\/div><\/div><\/p>\n","protected":false},"excerpt":{"rendered":"","protected":false},"author":1,"featured_media":0,"parent":0,"menu_order":0,"comment_status":"closed","ping_status":"closed","template":"100-width.php","meta":{"footnotes":""},"class_list":["post-2777","page","type-page","status-publish","hentry"],"yoast_head":"<!-- This site is optimized with the Yoast SEO plugin v27.4 - https:\/\/yoast.com\/product\/yoast-seo-wordpress\/ -->\n<title>Unsere Geschichte - \u05de\u05dc\u05d5\u05df \u05e2\u05d9\u05df \u05d2\u05d3\u05d9<\/title>\n<meta name=\"robots\" content=\"index, follow, max-snippet:-1, max-image-preview:large, max-video-preview:-1\" \/>\n<link rel=\"canonical\" href=\"https:\/\/ngedi.co.il\/de\/unsere-geschichte\/\" \/>\n<meta property=\"og:locale\" content=\"de_DE\" \/>\n<meta property=\"og:type\" content=\"article\" \/>\n<meta property=\"og:title\" content=\"Unsere Geschichte - \u05de\u05dc\u05d5\u05df \u05e2\u05d9\u05df \u05d2\u05d3\u05d9\" \/>\n<meta property=\"og:url\" content=\"https:\/\/ngedi.co.il\/de\/unsere-geschichte\/\" \/>\n<meta property=\"og:site_name\" content=\"\u05de\u05dc\u05d5\u05df \u05e2\u05d9\u05df \u05d2\u05d3\u05d9\" \/>\n<meta property=\"article:modified_time\" content=\"2024-07-09T06:57:28+00:00\" \/>\n<meta name=\"twitter:card\" content=\"summary_large_image\" \/>\n<meta name=\"twitter:label1\" content=\"Gesch\u00e4tzte Lesezeit\" \/>\n\t<meta name=\"twitter:data1\" content=\"7\u00a0Minuten\" \/>\n<script type=\"application\/ld+json\" class=\"yoast-schema-graph\">{\"@context\":\"https:\\\/\\\/schema.org\",\"@graph\":[{\"@type\":\"WebPage\",\"@id\":\"https:\\\/\\\/ngedi.co.il\\\/de\\\/unsere-geschichte\\\/\",\"url\":\"https:\\\/\\\/ngedi.co.il\\\/de\\\/unsere-geschichte\\\/\",\"name\":\"Unsere Geschichte - \u05de\u05dc\u05d5\u05df \u05e2\u05d9\u05df \u05d2\u05d3\u05d9\",\"isPartOf\":{\"@id\":\"https:\\\/\\\/ngedi.co.il\\\/de\\\/#website\"},\"datePublished\":\"2019-08-26T14:26:14+00:00\",\"dateModified\":\"2024-07-09T06:57:28+00:00\",\"breadcrumb\":{\"@id\":\"https:\\\/\\\/ngedi.co.il\\\/de\\\/unsere-geschichte\\\/#breadcrumb\"},\"inLanguage\":\"de\",\"potentialAction\":[{\"@type\":\"ReadAction\",\"target\":[\"https:\\\/\\\/ngedi.co.il\\\/de\\\/unsere-geschichte\\\/\"]}]},{\"@type\":\"BreadcrumbList\",\"@id\":\"https:\\\/\\\/ngedi.co.il\\\/de\\\/unsere-geschichte\\\/#breadcrumb\",\"itemListElement\":[{\"@type\":\"ListItem\",\"position\":1,\"name\":\"Home\",\"item\":\"https:\\\/\\\/ngedi.co.il\\\/de\\\/\"},{\"@type\":\"ListItem\",\"position\":2,\"name\":\"Unsere Geschichte\"}]},{\"@type\":\"WebSite\",\"@id\":\"https:\\\/\\\/ngedi.co.il\\\/de\\\/#website\",\"url\":\"https:\\\/\\\/ngedi.co.il\\\/de\\\/\",\"name\":\"\u05de\u05dc\u05d5\u05df \u05e2\u05d9\u05df \u05d2\u05d3\u05d9\",\"description\":\"\",\"publisher\":{\"@id\":\"https:\\\/\\\/ngedi.co.il\\\/de\\\/#organization\"},\"potentialAction\":[{\"@type\":\"SearchAction\",\"target\":{\"@type\":\"EntryPoint\",\"urlTemplate\":\"https:\\\/\\\/ngedi.co.il\\\/de\\\/?s={search_term_string}\"},\"query-input\":{\"@type\":\"PropertyValueSpecification\",\"valueRequired\":true,\"valueName\":\"search_term_string\"}}],\"inLanguage\":\"de\"},{\"@type\":\"Organization\",\"@id\":\"https:\\\/\\\/ngedi.co.il\\\/de\\\/#organization\",\"name\":\"\u05de\u05dc\u05d5\u05df \u05e2\u05d9\u05df \u05d2\u05d3\u05d9 Ein Gedi HOtel\",\"url\":\"https:\\\/\\\/ngedi.co.il\\\/de\\\/\",\"logo\":{\"@type\":\"ImageObject\",\"inLanguage\":\"de\",\"@id\":\"https:\\\/\\\/ngedi.co.il\\\/de\\\/#\\\/schema\\\/logo\\\/image\\\/\",\"url\":\"https:\\\/\\\/ngedi.co.il\\\/wp-content\\\/uploads\\\/2019\\\/04\\\/logo2.png\",\"contentUrl\":\"https:\\\/\\\/ngedi.co.il\\\/wp-content\\\/uploads\\\/2019\\\/04\\\/logo2.png\",\"width\":259,\"height\":95,\"caption\":\"\u05de\u05dc\u05d5\u05df \u05e2\u05d9\u05df \u05d2\u05d3\u05d9 Ein Gedi HOtel\"},\"image\":{\"@id\":\"https:\\\/\\\/ngedi.co.il\\\/de\\\/#\\\/schema\\\/logo\\\/image\\\/\"}}]}<\/script>\n<!-- \/ Yoast SEO plugin. -->","yoast_head_json":{"title":"Unsere Geschichte - \u05de\u05dc\u05d5\u05df \u05e2\u05d9\u05df \u05d2\u05d3\u05d9","robots":{"index":"index","follow":"follow","max-snippet":"max-snippet:-1","max-image-preview":"max-image-preview:large","max-video-preview":"max-video-preview:-1"},"canonical":"https:\/\/ngedi.co.il\/de\/unsere-geschichte\/","og_locale":"de_DE","og_type":"article","og_title":"Unsere Geschichte - \u05de\u05dc\u05d5\u05df \u05e2\u05d9\u05df \u05d2\u05d3\u05d9","og_url":"https:\/\/ngedi.co.il\/de\/unsere-geschichte\/","og_site_name":"\u05de\u05dc\u05d5\u05df \u05e2\u05d9\u05df \u05d2\u05d3\u05d9","article_modified_time":"2024-07-09T06:57:28+00:00","twitter_card":"summary_large_image","twitter_misc":{"Gesch\u00e4tzte Lesezeit":"7\u00a0Minuten"},"schema":{"@context":"https:\/\/schema.org","@graph":[{"@type":"WebPage","@id":"https:\/\/ngedi.co.il\/de\/unsere-geschichte\/","url":"https:\/\/ngedi.co.il\/de\/unsere-geschichte\/","name":"Unsere Geschichte - \u05de\u05dc\u05d5\u05df \u05e2\u05d9\u05df \u05d2\u05d3\u05d9","isPartOf":{"@id":"https:\/\/ngedi.co.il\/de\/#website"},"datePublished":"2019-08-26T14:26:14+00:00","dateModified":"2024-07-09T06:57:28+00:00","breadcrumb":{"@id":"https:\/\/ngedi.co.il\/de\/unsere-geschichte\/#breadcrumb"},"inLanguage":"de","potentialAction":[{"@type":"ReadAction","target":["https:\/\/ngedi.co.il\/de\/unsere-geschichte\/"]}]},{"@type":"BreadcrumbList","@id":"https:\/\/ngedi.co.il\/de\/unsere-geschichte\/#breadcrumb","itemListElement":[{"@type":"ListItem","position":1,"name":"Home","item":"https:\/\/ngedi.co.il\/de\/"},{"@type":"ListItem","position":2,"name":"Unsere Geschichte"}]},{"@type":"WebSite","@id":"https:\/\/ngedi.co.il\/de\/#website","url":"https:\/\/ngedi.co.il\/de\/","name":"\u05de\u05dc\u05d5\u05df \u05e2\u05d9\u05df \u05d2\u05d3\u05d9","description":"","publisher":{"@id":"https:\/\/ngedi.co.il\/de\/#organization"},"potentialAction":[{"@type":"SearchAction","target":{"@type":"EntryPoint","urlTemplate":"https:\/\/ngedi.co.il\/de\/?s={search_term_string}"},"query-input":{"@type":"PropertyValueSpecification","valueRequired":true,"valueName":"search_term_string"}}],"inLanguage":"de"},{"@type":"Organization","@id":"https:\/\/ngedi.co.il\/de\/#organization","name":"\u05de\u05dc\u05d5\u05df \u05e2\u05d9\u05df \u05d2\u05d3\u05d9 Ein Gedi HOtel","url":"https:\/\/ngedi.co.il\/de\/","logo":{"@type":"ImageObject","inLanguage":"de","@id":"https:\/\/ngedi.co.il\/de\/#\/schema\/logo\/image\/","url":"https:\/\/ngedi.co.il\/wp-content\/uploads\/2019\/04\/logo2.png","contentUrl":"https:\/\/ngedi.co.il\/wp-content\/uploads\/2019\/04\/logo2.png","width":259,"height":95,"caption":"\u05de\u05dc\u05d5\u05df \u05e2\u05d9\u05df \u05d2\u05d3\u05d9 Ein Gedi HOtel"},"image":{"@id":"https:\/\/ngedi.co.il\/de\/#\/schema\/logo\/image\/"}}]}},"_links":{"self":[{"href":"https:\/\/ngedi.co.il\/de\/wp-json\/wp\/v2\/pages\/2777","targetHints":{"allow":["GET"]}}],"collection":[{"href":"https:\/\/ngedi.co.il\/de\/wp-json\/wp\/v2\/pages"}],"about":[{"href":"https:\/\/ngedi.co.il\/de\/wp-json\/wp\/v2\/types\/page"}],"author":[{"embeddable":true,"href":"https:\/\/ngedi.co.il\/de\/wp-json\/wp\/v2\/users\/1"}],"replies":[{"embeddable":true,"href":"https:\/\/ngedi.co.il\/de\/wp-json\/wp\/v2\/comments?post=2777"}],"version-history":[{"count":10,"href":"https:\/\/ngedi.co.il\/de\/wp-json\/wp\/v2\/pages\/2777\/revisions"}],"predecessor-version":[{"id":7073,"href":"https:\/\/ngedi.co.il\/de\/wp-json\/wp\/v2\/pages\/2777\/revisions\/7073"}],"wp:attachment":[{"href":"https:\/\/ngedi.co.il\/de\/wp-json\/wp\/v2\/media?parent=2777"}],"curies":[{"name":"wp","href":"https:\/\/api.w.org\/{rel}","templated":true}]}}