{"id":2805,"date":"2018-12-12T14:03:00","date_gmt":"2018-12-12T12:03:00","guid":{"rendered":"https:\/\/ngedi.co.il\/rooms\/superior-garden-room\/"},"modified":"2019-10-31T11:52:06","modified_gmt":"2019-10-31T09:52:06","slug":"superior-gartenzimmer","status":"publish","type":"page","link":"https:\/\/ngedi.co.il\/de\/zimmer\/superior-gartenzimmer\/","title":{"rendered":"Superior Gartenzimmer"},"content":{"rendered":"<p><div class=\"fusion-fullwidth fullwidth-box fusion-builder-row-1 nonhundred-percent-fullwidth non-hundred-percent-height-scrolling\" style=\"--awb-border-radius-top-left:0px;--awb-border-radius-top-right:0px;--awb-border-radius-bottom-right:0px;--awb-border-radius-bottom-left:0px;--awb-flex-wrap:wrap;\" ><div class=\"fusion-builder-row fusion-row\"><div class=\"fusion-layout-column fusion_builder_column fusion-builder-column-0 fusion_builder_column_1_1 1_1 fusion-one-full fusion-column-first fusion-column-last fusion-column-no-min-height\" style=\"--awb-bg-size:cover;--awb-margin-bottom:0px;\"><div class=\"fusion-column-wrapper fusion-flex-column-wrapper-legacy\"><div class=\"fusion-text fusion-text-1\"><p style=\"letter-spacing: 4px; font-size: 20px; text-align: center; margin-bottom: 0px;\">Informationen zum Zimmer<\/p>\n<h1 style=\"text-align: center;\">Superior Gartenzimmer<\/h1>\n<\/div><div class=\"fusion-sep-clear\"><\/div><div class=\"fusion-separator\" style=\"margin-left: auto;margin-right: auto;margin-top:0px;margin-bottom:60px;width:100%;max-width:50px;\"><div class=\"fusion-separator-border sep-single sep-solid\" style=\"--awb-height:20px;--awb-amount:20px;--awb-sep-color:#cbaa5c;border-color:#cbaa5c;border-top-width:1px;\"><\/div><\/div><div class=\"fusion-sep-clear\"><\/div><div class=\"fusion-text fusion-text-2\"><p>Die Superior Gartenzimmer\u00a0 wurden von den exotischen Farben des botanischen Gartens, der sie umgibt, und einem zeitgen\u00f6ssischen, eleganten Design inspiriert. Ein gro\u00dfes Fenster im Zimmer f\u00fchrt Sie direkt zu einer Holzterrasse, auf der Sie einen romantischen Urlaub genie\u00dfen k\u00f6nnen.<\/p>\n<p style=\"letter-spacing: 4px; font-size: 18px; margin-bottom: 0px; text-align: left;\"><strong>Zimmerausstattung<\/strong><\/p>\n<\/div><div class=\"fusion-clearfix\"><\/div><\/div><\/div><div class=\"fusion-layout-column fusion_builder_column fusion-builder-column-1 fusion_builder_column_1_3 1_3 fusion-one-third fusion-column-first\" style=\"--awb-bg-size:cover;width:33.333333333333%;width:calc(33.333333333333% - ( ( 4% + 4% ) * 0.33333333333333 ) );margin-right: 4%;\"><div class=\"fusion-column-wrapper fusion-flex-column-wrapper-legacy\"><ul style=\"--awb-size:20px;--awb-iconcolor:#33333;--awb-line-height:34px;--awb-icon-width:34px;--awb-icon-height:34px;--awb-icon-margin:14px;--awb-content-margin:48px;\" class=\"fusion-checklist fusion-checklist-1 fusion-checklist-default type-icons\"><li class=\"fusion-li-item\" style=\"\"><span class=\"icon-wrapper circle-no\"><i class=\"fusion-li-icon fa-chair fas\" aria-hidden=\"true\"><\/i><\/span><div class=\"fusion-li-item-content\">\n<p>Wohnbereich mit Sessel<\/p>\n<\/div><\/li><li class=\"fusion-li-item\" style=\"\"><span class=\"icon-wrapper circle-no\"><i class=\"fusion-li-icon fa-coffee fas\" aria-hidden=\"true\"><\/i><\/span><div class=\"fusion-li-item-content\">\n<p>Kaffee-Ecke und Espressomaschine<\/p>\n<\/div><\/li><li class=\"fusion-li-item\" style=\"\"><span class=\"icon-wrapper circle-no\"><i class=\"fusion-li-icon fa-bed fas\" aria-hidden=\"true\"><\/i><\/span><div class=\"fusion-li-item-content\">\n<p>Doppelbett<\/p>\n<\/div><\/li><li class=\"fusion-li-item\" style=\"\"><span class=\"icon-wrapper circle-no\"><i class=\"fusion-li-icon fa-tv fas\" aria-hidden=\"true\"><\/i><\/span><div class=\"fusion-li-item-content\">\n<p>TV<\/p>\n<\/div><\/li><\/ul><div class=\"fusion-clearfix\"><\/div><\/div><\/div><div class=\"fusion-layout-column fusion_builder_column fusion-builder-column-2 fusion_builder_column_1_3 1_3 fusion-one-third\" style=\"--awb-bg-size:cover;width:33.333333333333%;width:calc(33.333333333333% - ( ( 4% + 4% ) * 0.33333333333333 ) );margin-right: 4%;\"><div class=\"fusion-column-wrapper fusion-flex-column-wrapper-legacy\"><ul style=\"--awb-size:20px;--awb-iconcolor:#33333;--awb-line-height:34px;--awb-icon-width:34px;--awb-icon-height:34px;--awb-icon-margin:14px;--awb-content-margin:48px;\" class=\"fusion-checklist fusion-checklist-2 fusion-checklist-default type-icons\"><li class=\"fusion-li-item\" style=\"\"><span class=\"icon-wrapper circle-no\"><i class=\"fusion-li-icon fa-lock fas\" aria-hidden=\"true\"><\/i><\/span><div class=\"fusion-li-item-content\">\n<p>Tresor<\/p>\n<\/div><\/li><li class=\"fusion-li-item\" style=\"\"><span class=\"icon-wrapper circle-no\"><i class=\"fusion-li-icon fa-bullhorn fas\" aria-hidden=\"true\"><\/i><\/span><div class=\"fusion-li-item-content\">\n<p>Haartrockner<\/p>\n<\/div><\/li><li class=\"fusion-li-item\" style=\"\"><span class=\"icon-wrapper circle-no\"><i class=\"fusion-li-icon fa-shower fas\" aria-hidden=\"true\"><\/i><\/span><div class=\"fusion-li-item-content\">\n<p>Duschraum mit gro\u00dfer begehbarer Dusche<\/p>\n<\/div><\/li><li class=\"fusion-li-item\" style=\"\"><span class=\"icon-wrapper circle-no\"><i class=\"fusion-li-icon fa-kaaba fas\" aria-hidden=\"true\"><\/i><\/span><div class=\"fusion-li-item-content\">\n<p>Eine private Holzterrasse, umgeben von einem atemberaubenden Garten<\/p>\n<\/div><\/li><\/ul><div class=\"fusion-clearfix\"><\/div><\/div><\/div><div class=\"fusion-layout-column fusion_builder_column fusion-builder-column-3 fusion_builder_column_1_3 1_3 fusion-one-third fusion-column-last\" style=\"--awb-bg-size:cover;width:33.333333333333%;width:calc(33.333333333333% - ( ( 4% + 4% ) * 0.33333333333333 ) );\"><div class=\"fusion-column-wrapper fusion-flex-column-wrapper-legacy\"><ul style=\"--awb-size:20px;--awb-iconcolor:#33333;--awb-line-height:34px;--awb-icon-width:34px;--awb-icon-height:34px;--awb-icon-margin:14px;--awb-content-margin:48px;\" class=\"fusion-checklist fusion-checklist-3 fusion-checklist-default type-icons\"><li class=\"fusion-li-item\" style=\"\"><span class=\"icon-wrapper circle-no\"><i class=\"fusion-li-icon fa-tshirt fas\" aria-hidden=\"true\"><\/i><\/span><div class=\"fusion-li-item-content\">\n<p>Badem\u00e4nteln<\/p>\n<\/div><\/li><li class=\"fusion-li-item\" style=\"\"><span class=\"icon-wrapper circle-no\"><i class=\"fusion-li-icon fa-tablet fas\" aria-hidden=\"true\"><\/i><\/span><div class=\"fusion-li-item-content\">\n<p>K\u00fchlschrank<\/p>\n<\/div><\/li><li class=\"fusion-li-item\" style=\"\"><span class=\"icon-wrapper circle-no\"><i class=\"fusion-li-icon fa-expand-arrows-alt fas\" aria-hidden=\"true\"><\/i><\/span><div class=\"fusion-li-item-content\">\n<p>Zimmergr\u00f6\u00dfe: 25 m\u00b2<\/p>\n<\/div><\/li><li class=\"fusion-li-item\" style=\"\"><span class=\"icon-wrapper circle-no\"><i class=\"fusion-li-icon fa-user-friends fas\" aria-hidden=\"true\"><\/i><\/span><div class=\"fusion-li-item-content\">\n<p>Maximale Belegung: Ehepaar + Kind<\/p>\n<\/div><\/li><\/ul><div class=\"fusion-clearfix\"><\/div><\/div><\/div><\/div><\/div><div class=\"fusion-fullwidth fullwidth-box fusion-builder-row-2 nonhundred-percent-fullwidth non-hundred-percent-height-scrolling\" style=\"--awb-border-radius-top-left:0px;--awb-border-radius-top-right:0px;--awb-border-radius-bottom-right:0px;--awb-border-radius-bottom-left:0px;--awb-flex-wrap:wrap;\" ><div class=\"fusion-builder-row fusion-row\"><div class=\"fusion-layout-column fusion_builder_column fusion-builder-column-4 fusion_builder_column_1_1 1_1 fusion-one-full fusion-column-first fusion-column-last\" style=\"--awb-bg-size:cover;\"><div class=\"fusion-column-wrapper fusion-flex-column-wrapper-legacy\"><div class=\"awb-gallery-wrapper awb-gallery-wrapper-1 button-span-no\"><div style=\"margin:-5px;--awb-bordersize:0px;\" class=\"fusion-gallery fusion-gallery-container fusion-grid-4 fusion-columns-total-6 fusion-gallery-layout-grid fusion-gallery-1\"><div style=\"padding:5px;\" class=\"fusion-grid-column fusion-gallery-column fusion-gallery-column-4 hover-type-zoomin\"><div class=\"fusion-gallery-image\"><a href=\"https:\/\/ngedi.co.il\/wp-content\/uploads\/2019\/07\/Day1-20_800x499.jpg\" rel=\"noreferrer\" data-rel=\"iLightbox[gallery_image_1]\" class=\"fusion-lightbox\" target=\"_self\"><img decoding=\"async\" src=\"https:\/\/ngedi.co.il\/wp-content\/uploads\/2019\/07\/Day1-20_800x499-320x202.jpg\" width=\"320\" height=\"202\" alt=\"\" title=\"\u05d7\u05d3\u05e8 \u05e1\u05d5\u05e4\u05e8\u05d9\u05d5\u05e8 \u05d2\u05df\" aria-label=\"\u05d7\u05d3\u05e8 \u05e1\u05d5\u05e4\u05e8\u05d9\u05d5\u05e8 \u05d2\u05df\" class=\"img-responsive wp-image-1327 fusion-gallery-image-size-fixed\" srcset=\"https:\/\/ngedi.co.il\/wp-content\/uploads\/2019\/07\/Day1-20_800x499-200x125.jpg 200w, https:\/\/ngedi.co.il\/wp-content\/uploads\/2019\/07\/Day1-20_800x499-320x202.jpg 320w, https:\/\/ngedi.co.il\/wp-content\/uploads\/2019\/07\/Day1-20_800x499-700x441.jpg 700w\" sizes=\"(max-width: 320px) 100vw, 320px\" \/><\/a><\/div><\/div><div style=\"padding:5px;\" class=\"fusion-grid-column fusion-gallery-column fusion-gallery-column-4 hover-type-zoomin\"><div class=\"fusion-gallery-image\"><a href=\"https:\/\/ngedi.co.il\/wp-content\/uploads\/2018\/12\/room12.jpg\" rel=\"noreferrer\" data-rel=\"iLightbox[gallery_image_1]\" class=\"fusion-lightbox\" target=\"_self\"><img decoding=\"async\" src=\"https:\/\/ngedi.co.il\/wp-content\/uploads\/2018\/12\/room12-320x202.jpg\" width=\"320\" height=\"202\" alt=\"\" title=\"\u05d7\u05d3\u05e8 \u05e1\u05d5\u05e4\u05e8\u05d9\u05d5\u05e8 \u05d2\u05df\" aria-label=\"\u05d7\u05d3\u05e8 \u05e1\u05d5\u05e4\u05e8\u05d9\u05d5\u05e8 \u05d2\u05df\" class=\"img-responsive wp-image-259 fusion-gallery-image-size-fixed\" srcset=\"https:\/\/ngedi.co.il\/wp-content\/uploads\/2018\/12\/room12-320x202.jpg 320w, https:\/\/ngedi.co.il\/wp-content\/uploads\/2018\/12\/room12-700x441.jpg 700w\" sizes=\"(max-width: 320px) 100vw, 320px\" \/><\/a><\/div><\/div><div style=\"padding:5px;\" class=\"fusion-grid-column fusion-gallery-column fusion-gallery-column-4 hover-type-zoomin\"><div class=\"fusion-gallery-image\"><a href=\"https:\/\/ngedi.co.il\/wp-content\/uploads\/2018\/12\/room14.jpg\" rel=\"noreferrer\" data-rel=\"iLightbox[gallery_image_1]\" class=\"fusion-lightbox\" target=\"_self\"><img decoding=\"async\" src=\"https:\/\/ngedi.co.il\/wp-content\/uploads\/2018\/12\/room14-320x202.jpg\" width=\"320\" height=\"202\" alt=\"\" title=\"\u05d7\u05d3\u05e8 \u05e1\u05d5\u05e4\u05e8\u05d9\u05d5\u05e8 \u05d2\u05df\" aria-label=\"\u05d7\u05d3\u05e8 \u05e1\u05d5\u05e4\u05e8\u05d9\u05d5\u05e8 \u05d2\u05df\" class=\"img-responsive wp-image-261 fusion-gallery-image-size-fixed\" srcset=\"https:\/\/ngedi.co.il\/wp-content\/uploads\/2018\/12\/room14-320x202.jpg 320w, https:\/\/ngedi.co.il\/wp-content\/uploads\/2018\/12\/room14-700x441.jpg 700w\" sizes=\"(max-width: 320px) 100vw, 320px\" \/><\/a><\/div><\/div><div style=\"padding:5px;\" class=\"fusion-grid-column fusion-gallery-column fusion-gallery-column-4 hover-type-zoomin\"><div class=\"fusion-gallery-image\"><a href=\"https:\/\/ngedi.co.il\/wp-content\/uploads\/2018\/12\/room13.jpg\" rel=\"noreferrer\" data-rel=\"iLightbox[gallery_image_1]\" class=\"fusion-lightbox\" target=\"_self\"><img decoding=\"async\" src=\"https:\/\/ngedi.co.il\/wp-content\/uploads\/2018\/12\/room13-320x202.jpg\" width=\"320\" height=\"202\" alt=\"\" title=\"\u05d7\u05d3\u05e8 \u05e1\u05d5\u05e4\u05e8\u05d9\u05d5\u05e8 \u05d2\u05df\" aria-label=\"\u05d7\u05d3\u05e8 \u05e1\u05d5\u05e4\u05e8\u05d9\u05d5\u05e8 \u05d2\u05df\" class=\"img-responsive wp-image-260 fusion-gallery-image-size-fixed\" srcset=\"https:\/\/ngedi.co.il\/wp-content\/uploads\/2018\/12\/room13-320x202.jpg 320w, https:\/\/ngedi.co.il\/wp-content\/uploads\/2018\/12\/room13-700x441.jpg 700w\" sizes=\"(max-width: 320px) 100vw, 320px\" \/><\/a><\/div><\/div><div class=\"clearfix\"><\/div><div style=\"padding:5px;\" class=\"fusion-grid-column fusion-gallery-column fusion-gallery-column-4 hover-type-zoomin\"><div class=\"fusion-gallery-image\"><a href=\"https:\/\/ngedi.co.il\/wp-content\/uploads\/2019\/07\/Day1-22_800x521.jpg\" rel=\"noreferrer\" data-rel=\"iLightbox[gallery_image_1]\" class=\"fusion-lightbox\" target=\"_self\"><img decoding=\"async\" src=\"https:\/\/ngedi.co.il\/wp-content\/uploads\/2019\/07\/Day1-22_800x521-320x202.jpg\" width=\"320\" height=\"202\" alt=\"\" title=\"Day1-22_800x521\" aria-label=\"Day1-22_800x521\" class=\"img-responsive wp-image-1333 fusion-gallery-image-size-fixed\" srcset=\"https:\/\/ngedi.co.il\/wp-content\/uploads\/2019\/07\/Day1-22_800x521-320x202.jpg 320w, https:\/\/ngedi.co.il\/wp-content\/uploads\/2019\/07\/Day1-22_800x521-700x441.jpg 700w\" sizes=\"(max-width: 320px) 100vw, 320px\" \/><\/a><\/div><\/div><div style=\"padding:5px;\" class=\"fusion-grid-column fusion-gallery-column fusion-gallery-column-4 hover-type-zoomin\"><div class=\"fusion-gallery-image\"><a href=\"https:\/\/ngedi.co.il\/wp-content\/uploads\/2018\/12\/room11.jpg\" rel=\"noreferrer\" data-rel=\"iLightbox[gallery_image_1]\" class=\"fusion-lightbox\" target=\"_self\"><img decoding=\"async\" src=\"https:\/\/ngedi.co.il\/wp-content\/uploads\/2018\/12\/room11-320x202.jpg\" width=\"320\" height=\"202\" alt=\"\" title=\"\u05d7\u05d3\u05e8 \u05e1\u05d5\u05e4\u05e8\u05d9\u05d5\u05e8 \u05d2\u05df\" aria-label=\"\u05d7\u05d3\u05e8 \u05e1\u05d5\u05e4\u05e8\u05d9\u05d5\u05e8 \u05d2\u05df\" class=\"img-responsive wp-image-258 fusion-gallery-image-size-fixed\" srcset=\"https:\/\/ngedi.co.il\/wp-content\/uploads\/2018\/12\/room11-320x202.jpg 320w, https:\/\/ngedi.co.il\/wp-content\/uploads\/2018\/12\/room11-700x441.jpg 700w\" sizes=\"(max-width: 320px) 100vw, 320px\" \/><\/a><\/div><\/div><\/div><\/div><div class=\"fusion-clearfix\"><\/div><\/div><\/div><\/div><\/div><\/p>\n","protected":false},"excerpt":{"rendered":"","protected":false},"author":1,"featured_media":0,"parent":2787,"menu_order":0,"comment_status":"closed","ping_status":"closed","template":"100-width.php","meta":{"footnotes":""},"class_list":["post-2805","page","type-page","status-publish","hentry"],"yoast_head":"<!-- This site is optimized with the Yoast SEO plugin v27.4 - https:\/\/yoast.com\/product\/yoast-seo-wordpress\/ -->\n<title>Superior Gartenzimmer - \u05de\u05dc\u05d5\u05df \u05e2\u05d9\u05df \u05d2\u05d3\u05d9<\/title>\n<meta name=\"robots\" content=\"index, follow, max-snippet:-1, max-image-preview:large, max-video-preview:-1\" \/>\n<link rel=\"canonical\" href=\"https:\/\/ngedi.co.il\/de\/zimmer\/superior-gartenzimmer\/\" \/>\n<meta property=\"og:locale\" content=\"de_DE\" \/>\n<meta property=\"og:type\" content=\"article\" \/>\n<meta property=\"og:title\" content=\"Superior Gartenzimmer - \u05de\u05dc\u05d5\u05df \u05e2\u05d9\u05df \u05d2\u05d3\u05d9\" \/>\n<meta property=\"og:url\" content=\"https:\/\/ngedi.co.il\/de\/zimmer\/superior-gartenzimmer\/\" \/>\n<meta property=\"og:site_name\" content=\"\u05de\u05dc\u05d5\u05df \u05e2\u05d9\u05df \u05d2\u05d3\u05d9\" \/>\n<meta property=\"article:modified_time\" content=\"2019-10-31T09:52:06+00:00\" \/>\n<meta name=\"twitter:card\" content=\"summary_large_image\" \/>\n<meta name=\"twitter:label1\" content=\"Gesch\u00e4tzte Lesezeit\" \/>\n\t<meta name=\"twitter:data1\" content=\"5\u00a0Minuten\" \/>\n<script type=\"application\/ld+json\" class=\"yoast-schema-graph\">{\"@context\":\"https:\\\/\\\/schema.org\",\"@graph\":[{\"@type\":\"WebPage\",\"@id\":\"https:\\\/\\\/ngedi.co.il\\\/de\\\/zimmer\\\/superior-gartenzimmer\\\/\",\"url\":\"https:\\\/\\\/ngedi.co.il\\\/de\\\/zimmer\\\/superior-gartenzimmer\\\/\",\"name\":\"Superior Gartenzimmer - \u05de\u05dc\u05d5\u05df \u05e2\u05d9\u05df \u05d2\u05d3\u05d9\",\"isPartOf\":{\"@id\":\"https:\\\/\\\/ngedi.co.il\\\/de\\\/#website\"},\"datePublished\":\"2018-12-12T12:03:00+00:00\",\"dateModified\":\"2019-10-31T09:52:06+00:00\",\"breadcrumb\":{\"@id\":\"https:\\\/\\\/ngedi.co.il\\\/de\\\/zimmer\\\/superior-gartenzimmer\\\/#breadcrumb\"},\"inLanguage\":\"de\",\"potentialAction\":[{\"@type\":\"ReadAction\",\"target\":[\"https:\\\/\\\/ngedi.co.il\\\/de\\\/zimmer\\\/superior-gartenzimmer\\\/\"]}]},{\"@type\":\"BreadcrumbList\",\"@id\":\"https:\\\/\\\/ngedi.co.il\\\/de\\\/zimmer\\\/superior-gartenzimmer\\\/#breadcrumb\",\"itemListElement\":[{\"@type\":\"ListItem\",\"position\":1,\"name\":\"Home\",\"item\":\"https:\\\/\\\/ngedi.co.il\\\/de\\\/\"},{\"@type\":\"ListItem\",\"position\":2,\"name\":\"Zimmer\",\"item\":\"https:\\\/\\\/ngedi.co.il\\\/de\\\/zimmer\\\/\"},{\"@type\":\"ListItem\",\"position\":3,\"name\":\"Superior Gartenzimmer\"}]},{\"@type\":\"WebSite\",\"@id\":\"https:\\\/\\\/ngedi.co.il\\\/de\\\/#website\",\"url\":\"https:\\\/\\\/ngedi.co.il\\\/de\\\/\",\"name\":\"\u05de\u05dc\u05d5\u05df \u05e2\u05d9\u05df \u05d2\u05d3\u05d9\",\"description\":\"\",\"publisher\":{\"@id\":\"https:\\\/\\\/ngedi.co.il\\\/de\\\/#organization\"},\"potentialAction\":[{\"@type\":\"SearchAction\",\"target\":{\"@type\":\"EntryPoint\",\"urlTemplate\":\"https:\\\/\\\/ngedi.co.il\\\/de\\\/?s={search_term_string}\"},\"query-input\":{\"@type\":\"PropertyValueSpecification\",\"valueRequired\":true,\"valueName\":\"search_term_string\"}}],\"inLanguage\":\"de\"},{\"@type\":\"Organization\",\"@id\":\"https:\\\/\\\/ngedi.co.il\\\/de\\\/#organization\",\"name\":\"\u05de\u05dc\u05d5\u05df \u05e2\u05d9\u05df \u05d2\u05d3\u05d9 Ein Gedi HOtel\",\"url\":\"https:\\\/\\\/ngedi.co.il\\\/de\\\/\",\"logo\":{\"@type\":\"ImageObject\",\"inLanguage\":\"de\",\"@id\":\"https:\\\/\\\/ngedi.co.il\\\/de\\\/#\\\/schema\\\/logo\\\/image\\\/\",\"url\":\"https:\\\/\\\/ngedi.co.il\\\/wp-content\\\/uploads\\\/2019\\\/04\\\/logo2.png\",\"contentUrl\":\"https:\\\/\\\/ngedi.co.il\\\/wp-content\\\/uploads\\\/2019\\\/04\\\/logo2.png\",\"width\":259,\"height\":95,\"caption\":\"\u05de\u05dc\u05d5\u05df \u05e2\u05d9\u05df \u05d2\u05d3\u05d9 Ein Gedi HOtel\"},\"image\":{\"@id\":\"https:\\\/\\\/ngedi.co.il\\\/de\\\/#\\\/schema\\\/logo\\\/image\\\/\"}}]}<\/script>\n<!-- \/ Yoast SEO plugin. -->","yoast_head_json":{"title":"Superior Gartenzimmer - \u05de\u05dc\u05d5\u05df \u05e2\u05d9\u05df \u05d2\u05d3\u05d9","robots":{"index":"index","follow":"follow","max-snippet":"max-snippet:-1","max-image-preview":"max-image-preview:large","max-video-preview":"max-video-preview:-1"},"canonical":"https:\/\/ngedi.co.il\/de\/zimmer\/superior-gartenzimmer\/","og_locale":"de_DE","og_type":"article","og_title":"Superior Gartenzimmer - \u05de\u05dc\u05d5\u05df \u05e2\u05d9\u05df \u05d2\u05d3\u05d9","og_url":"https:\/\/ngedi.co.il\/de\/zimmer\/superior-gartenzimmer\/","og_site_name":"\u05de\u05dc\u05d5\u05df \u05e2\u05d9\u05df \u05d2\u05d3\u05d9","article_modified_time":"2019-10-31T09:52:06+00:00","twitter_card":"summary_large_image","twitter_misc":{"Gesch\u00e4tzte Lesezeit":"5\u00a0Minuten"},"schema":{"@context":"https:\/\/schema.org","@graph":[{"@type":"WebPage","@id":"https:\/\/ngedi.co.il\/de\/zimmer\/superior-gartenzimmer\/","url":"https:\/\/ngedi.co.il\/de\/zimmer\/superior-gartenzimmer\/","name":"Superior Gartenzimmer - \u05de\u05dc\u05d5\u05df \u05e2\u05d9\u05df \u05d2\u05d3\u05d9","isPartOf":{"@id":"https:\/\/ngedi.co.il\/de\/#website"},"datePublished":"2018-12-12T12:03:00+00:00","dateModified":"2019-10-31T09:52:06+00:00","breadcrumb":{"@id":"https:\/\/ngedi.co.il\/de\/zimmer\/superior-gartenzimmer\/#breadcrumb"},"inLanguage":"de","potentialAction":[{"@type":"ReadAction","target":["https:\/\/ngedi.co.il\/de\/zimmer\/superior-gartenzimmer\/"]}]},{"@type":"BreadcrumbList","@id":"https:\/\/ngedi.co.il\/de\/zimmer\/superior-gartenzimmer\/#breadcrumb","itemListElement":[{"@type":"ListItem","position":1,"name":"Home","item":"https:\/\/ngedi.co.il\/de\/"},{"@type":"ListItem","position":2,"name":"Zimmer","item":"https:\/\/ngedi.co.il\/de\/zimmer\/"},{"@type":"ListItem","position":3,"name":"Superior Gartenzimmer"}]},{"@type":"WebSite","@id":"https:\/\/ngedi.co.il\/de\/#website","url":"https:\/\/ngedi.co.il\/de\/","name":"\u05de\u05dc\u05d5\u05df \u05e2\u05d9\u05df \u05d2\u05d3\u05d9","description":"","publisher":{"@id":"https:\/\/ngedi.co.il\/de\/#organization"},"potentialAction":[{"@type":"SearchAction","target":{"@type":"EntryPoint","urlTemplate":"https:\/\/ngedi.co.il\/de\/?s={search_term_string}"},"query-input":{"@type":"PropertyValueSpecification","valueRequired":true,"valueName":"search_term_string"}}],"inLanguage":"de"},{"@type":"Organization","@id":"https:\/\/ngedi.co.il\/de\/#organization","name":"\u05de\u05dc\u05d5\u05df \u05e2\u05d9\u05df \u05d2\u05d3\u05d9 Ein Gedi HOtel","url":"https:\/\/ngedi.co.il\/de\/","logo":{"@type":"ImageObject","inLanguage":"de","@id":"https:\/\/ngedi.co.il\/de\/#\/schema\/logo\/image\/","url":"https:\/\/ngedi.co.il\/wp-content\/uploads\/2019\/04\/logo2.png","contentUrl":"https:\/\/ngedi.co.il\/wp-content\/uploads\/2019\/04\/logo2.png","width":259,"height":95,"caption":"\u05de\u05dc\u05d5\u05df \u05e2\u05d9\u05df \u05d2\u05d3\u05d9 Ein Gedi HOtel"},"image":{"@id":"https:\/\/ngedi.co.il\/de\/#\/schema\/logo\/image\/"}}]}},"_links":{"self":[{"href":"https:\/\/ngedi.co.il\/de\/wp-json\/wp\/v2\/pages\/2805","targetHints":{"allow":["GET"]}}],"collection":[{"href":"https:\/\/ngedi.co.il\/de\/wp-json\/wp\/v2\/pages"}],"about":[{"href":"https:\/\/ngedi.co.il\/de\/wp-json\/wp\/v2\/types\/page"}],"author":[{"embeddable":true,"href":"https:\/\/ngedi.co.il\/de\/wp-json\/wp\/v2\/users\/1"}],"replies":[{"embeddable":true,"href":"https:\/\/ngedi.co.il\/de\/wp-json\/wp\/v2\/comments?post=2805"}],"version-history":[{"count":3,"href":"https:\/\/ngedi.co.il\/de\/wp-json\/wp\/v2\/pages\/2805\/revisions"}],"predecessor-version":[{"id":3017,"href":"https:\/\/ngedi.co.il\/de\/wp-json\/wp\/v2\/pages\/2805\/revisions\/3017"}],"up":[{"embeddable":true,"href":"https:\/\/ngedi.co.il\/de\/wp-json\/wp\/v2\/pages\/2787"}],"wp:attachment":[{"href":"https:\/\/ngedi.co.il\/de\/wp-json\/wp\/v2\/media?parent=2805"}],"curies":[{"name":"wp","href":"https:\/\/api.w.org\/{rel}","templated":true}]}}