{"id":2131,"date":"2018-12-12T15:07:13","date_gmt":"2018-12-12T13:07:13","guid":{"rendered":"https:\/\/ngedi.co.il\/%d7%94%d7%a1%d7%99%d7%a4%d7%95%d7%a8-%d7%a9%d7%9c%d7%a0%d7%95\/"},"modified":"2024-07-09T09:57:02","modified_gmt":"2024-07-09T06:57:02","slug":"notre-histoire","status":"publish","type":"page","link":"https:\/\/ngedi.co.il\/fr\/notre-histoire\/","title":{"rendered":"Notre histoire"},"content":{"rendered":"<p><div class=\"fusion-fullwidth fullwidth-box fusion-builder-row-1 nonhundred-percent-fullwidth non-hundred-percent-height-scrolling\" style=\"--awb-border-radius-top-left:0px;--awb-border-radius-top-right:0px;--awb-border-radius-bottom-right:0px;--awb-border-radius-bottom-left:0px;--awb-flex-wrap:wrap;\" ><div class=\"fusion-builder-row fusion-row\"><div class=\"fusion-layout-column fusion_builder_column fusion-builder-column-0 fusion_builder_column_1_1 1_1 fusion-one-full fusion-column-first fusion-column-last\" style=\"--awb-bg-size:cover;\"><div class=\"fusion-column-wrapper fusion-flex-column-wrapper-legacy\"><div class=\"fusion-text fusion-text-1\"><p style=\"letter-spacing: 4px; font-size: 20px; text-align: center; margin-bottom: 0px;\">H\u00f4tel Ein Gedi<\/p>\n<h1 style=\"text-align: center;\">Notre histoire<\/h1>\n<\/div><div class=\"fusion-sep-clear\"><\/div><div class=\"fusion-separator\" style=\"margin-left: auto;margin-right: auto;margin-top:0px;margin-bottom:60px;width:100%;max-width:50px;\"><div class=\"fusion-separator-border sep-single sep-solid\" style=\"--awb-height:20px;--awb-amount:20px;--awb-sep-color:#cbaa5c;border-color:#cbaa5c;border-top-width:1px;\"><\/div><\/div><div class=\"fusion-sep-clear\"><\/div><div class=\"fusion-clearfix\"><\/div><\/div><\/div><\/div><\/div><div class=\"fusion-fullwidth fullwidth-box fusion-builder-row-2 nonhundred-percent-fullwidth non-hundred-percent-height-scrolling\" style=\"--awb-border-radius-top-left:0px;--awb-border-radius-top-right:0px;--awb-border-radius-bottom-right:0px;--awb-border-radius-bottom-left:0px;--awb-flex-wrap:wrap;\" ><div class=\"fusion-builder-row fusion-row\"><div class=\"fusion-layout-column fusion_builder_column fusion-builder-column-1 fusion_builder_column_1_4 1_4 fusion-one-fourth fusion-column-first\" style=\"--awb-bg-size:cover;width:25%;width:calc(25% - ( ( 4% ) * 0.25 ) );margin-right: 4%;\"><div class=\"fusion-column-wrapper fusion-column-has-shadow fusion-flex-column-wrapper-legacy\"><div class=\"fusion-image-element in-legacy-container\" style=\"--awb-max-width:220px;--awb-caption-title-font-family:var(--h2_typography-font-family);--awb-caption-title-font-weight:var(--h2_typography-font-weight);--awb-caption-title-font-style:var(--h2_typography-font-style);--awb-caption-title-size:var(--h2_typography-font-size);--awb-caption-title-transform:var(--h2_typography-text-transform);--awb-caption-title-line-height:var(--h2_typography-line-height);--awb-caption-title-letter-spacing:var(--h2_typography-letter-spacing);\"><span class=\" fusion-imageframe imageframe-none imageframe-1 hover-type-none\"><img decoding=\"async\" width=\"220\" height=\"344\" title=\"story01\" src=\"https:\/\/ngedi.co.il\/wp-content\/uploads\/2019\/04\/story01.jpg\" alt class=\"img-responsive wp-image-2132\" srcset=\"https:\/\/ngedi.co.il\/wp-content\/uploads\/2019\/04\/story01-200x313.jpg 200w, https:\/\/ngedi.co.il\/wp-content\/uploads\/2019\/04\/story01.jpg 220w\" sizes=\"(max-width: 800px) 100vw, 220px\" \/><\/span><\/div><div class=\"fusion-image-element in-legacy-container\" style=\"--awb-max-width:220px;--awb-caption-title-font-family:var(--h2_typography-font-family);--awb-caption-title-font-weight:var(--h2_typography-font-weight);--awb-caption-title-font-style:var(--h2_typography-font-style);--awb-caption-title-size:var(--h2_typography-font-size);--awb-caption-title-transform:var(--h2_typography-text-transform);--awb-caption-title-line-height:var(--h2_typography-line-height);--awb-caption-title-letter-spacing:var(--h2_typography-letter-spacing);\"><span class=\" fusion-imageframe imageframe-none imageframe-2 hover-type-none\"><img decoding=\"async\" width=\"583\" height=\"576\" title=\"story02\" src=\"https:\/\/ngedi.co.il\/wp-content\/uploads\/2019\/04\/story02.png\" alt class=\"img-responsive wp-image-2134\" srcset=\"https:\/\/ngedi.co.il\/wp-content\/uploads\/2019\/04\/story02-200x198.png 200w, https:\/\/ngedi.co.il\/wp-content\/uploads\/2019\/04\/story02-400x395.png 400w, https:\/\/ngedi.co.il\/wp-content\/uploads\/2019\/04\/story02.png 583w\" sizes=\"(max-width: 800px) 100vw, 400px\" \/><\/span><\/div><div class=\"fusion-image-element in-legacy-container\" style=\"--awb-max-width:220px;--awb-caption-title-font-family:var(--h2_typography-font-family);--awb-caption-title-font-weight:var(--h2_typography-font-weight);--awb-caption-title-font-style:var(--h2_typography-font-style);--awb-caption-title-size:var(--h2_typography-font-size);--awb-caption-title-transform:var(--h2_typography-text-transform);--awb-caption-title-line-height:var(--h2_typography-line-height);--awb-caption-title-letter-spacing:var(--h2_typography-letter-spacing);\"><span class=\" fusion-imageframe imageframe-none imageframe-3 hover-type-none\"><img decoding=\"async\" width=\"290\" height=\"350\" title=\"story03\" src=\"https:\/\/ngedi.co.il\/wp-content\/uploads\/2019\/04\/story03.png\" alt class=\"img-responsive wp-image-2135\" srcset=\"https:\/\/ngedi.co.il\/wp-content\/uploads\/2019\/04\/story03-200x241.png 200w, https:\/\/ngedi.co.il\/wp-content\/uploads\/2019\/04\/story03.png 290w\" sizes=\"(max-width: 800px) 100vw, 290px\" \/><\/span><\/div><div class=\"fusion-image-element in-legacy-container\" style=\"--awb-max-width:220px;--awb-caption-title-font-family:var(--h2_typography-font-family);--awb-caption-title-font-weight:var(--h2_typography-font-weight);--awb-caption-title-font-style:var(--h2_typography-font-style);--awb-caption-title-size:var(--h2_typography-font-size);--awb-caption-title-transform:var(--h2_typography-text-transform);--awb-caption-title-line-height:var(--h2_typography-line-height);--awb-caption-title-letter-spacing:var(--h2_typography-letter-spacing);\"><span class=\" fusion-imageframe imageframe-none imageframe-4 hover-type-none\"><img decoding=\"async\" width=\"240\" height=\"420\" title=\"story04\" src=\"https:\/\/ngedi.co.il\/wp-content\/uploads\/2019\/04\/story04.png\" alt class=\"img-responsive wp-image-2136\" srcset=\"https:\/\/ngedi.co.il\/wp-content\/uploads\/2019\/04\/story04-200x350.png 200w, https:\/\/ngedi.co.il\/wp-content\/uploads\/2019\/04\/story04.png 240w\" sizes=\"(max-width: 800px) 100vw, 240px\" \/><\/span><\/div><div class=\"fusion-image-element in-legacy-container\" style=\"--awb-max-width:220px;--awb-caption-title-font-family:var(--h2_typography-font-family);--awb-caption-title-font-weight:var(--h2_typography-font-weight);--awb-caption-title-font-style:var(--h2_typography-font-style);--awb-caption-title-size:var(--h2_typography-font-size);--awb-caption-title-transform:var(--h2_typography-text-transform);--awb-caption-title-line-height:var(--h2_typography-line-height);--awb-caption-title-letter-spacing:var(--h2_typography-letter-spacing);\"><span class=\" fusion-imageframe imageframe-none imageframe-5 hover-type-none\"><img decoding=\"async\" width=\"615\" height=\"530\" title=\"story06\" src=\"https:\/\/ngedi.co.il\/wp-content\/uploads\/2019\/04\/story06.png\" alt class=\"img-responsive wp-image-2137\" srcset=\"https:\/\/ngedi.co.il\/wp-content\/uploads\/2019\/04\/story06-200x172.png 200w, https:\/\/ngedi.co.il\/wp-content\/uploads\/2019\/04\/story06-400x345.png 400w, https:\/\/ngedi.co.il\/wp-content\/uploads\/2019\/04\/story06-600x517.png 600w, https:\/\/ngedi.co.il\/wp-content\/uploads\/2019\/04\/story06.png 615w\" sizes=\"(max-width: 800px) 100vw, 400px\" \/><\/span><\/div><div class=\"fusion-image-element in-legacy-container\" style=\"--awb-max-width:220px;--awb-caption-title-font-family:var(--h2_typography-font-family);--awb-caption-title-font-weight:var(--h2_typography-font-weight);--awb-caption-title-font-style:var(--h2_typography-font-style);--awb-caption-title-size:var(--h2_typography-font-size);--awb-caption-title-transform:var(--h2_typography-text-transform);--awb-caption-title-line-height:var(--h2_typography-line-height);--awb-caption-title-letter-spacing:var(--h2_typography-letter-spacing);\"><span class=\" fusion-imageframe imageframe-none imageframe-6 hover-type-none\"><img decoding=\"async\" width=\"250\" height=\"172\" title=\"story07\" src=\"https:\/\/ngedi.co.il\/wp-content\/uploads\/2019\/04\/story07.png\" alt class=\"img-responsive wp-image-2138\" srcset=\"https:\/\/ngedi.co.il\/wp-content\/uploads\/2019\/04\/story07-200x138.png 200w, https:\/\/ngedi.co.il\/wp-content\/uploads\/2019\/04\/story07.png 250w\" sizes=\"(max-width: 800px) 100vw, 250px\" \/><\/span><\/div><div class=\"fusion-clearfix\"><\/div><\/div><\/div><div class=\"fusion-layout-column fusion_builder_column fusion-builder-column-2 fusion_builder_column_3_4 3_4 fusion-three-fourth fusion-column-last\" style=\"--awb-bg-size:cover;width:75%;width:calc(75% - ( ( 4% ) * 0.75 ) );\"><div class=\"fusion-column-wrapper fusion-flex-column-wrapper-legacy\"><div class=\"fusion-text fusion-text-2\"><h4>L&rsquo;H\u00f4tel Ein Gedi a \u00e9t\u00e9 cr\u00e9\u00e9 par les clients, pas par nous.<\/h4>\n<p>Plus pr\u00e9cis\u00e9ment, par des invit\u00e9es. Sept femmes venant de Rehovot et qui, ayant entendu parler des vertus particuli\u00e8res de la mer Morte, ont d\u00e9cid\u00e9 de venir se d\u00e9tendre \u00e0 Ein Gedi, qui \u00e0 l&rsquo;\u00e9poque \u00e9tait une petite commune situ\u00e9e dans un lieu d\u00e9sol\u00e9, sans route ni transport.<\/p>\n<p>L&rsquo;un des membres du kibboutz les conduisait chaque matin \u00e0 la plage \u00e0 bord d&rsquo;une jeep militaire. Chacune d&rsquo;entre creusait un trou \u00e0 c\u00f4t\u00e9 de l&rsquo;une des sources et s&rsquo;y asseyait jusqu&rsquo;\u00e0 ce que la jeep revienne pour les ramener au kibboutz. L\u2019histoire de cet endroit merveilleux et si \u00e9loign\u00e9 a commenc\u00e9 \u00e0 passer de bouche \u00e0 oreille et les demandes pour s\u00e9journer sur place commenc\u00e8rent \u00e0 affluer.<\/p>\n<p>Un des membres dynamiques du kibboutz d\u00e9cida de d\u00e9placer deux cabanes en bois plac\u00e9es sur l&rsquo;ancien site du kibboutz et de les placer sur la colline sur laquelle se trouve aujourd&rsquo;hui le kibboutz Ein Gedi. Il y ajouta un sol en b\u00e9ton sur lequel furent construites des douches et des toilettes communes pour tous les h\u00f4tes. Il avait fond\u00e9 la maison d&rsquo;h\u00f4tes Ein Gedi.<\/p>\n<h4>Un d\u00e9but plut\u00f4t modeste<\/h4>\n<p>Le d\u00e9but \u00e9tait simple et modeste. Les s\u00e9jours duraient une semaine enti\u00e8re, car le bus d&rsquo;Egged ne venait qu&rsquo;une fois par semaine. Lorsqu&rsquo;un nouveau groupe arrivait, tout le personnel, qui comptait alors quatre personnes, grimpait dans le bus, attrapait les bagages pour les d\u00e9poser dans les chambres. En m\u00eame temps, les membres de kibboutz se mobilisaient pour nettoyer les chambres lib\u00e9r\u00e9es. Le reste de la semaine, les clients nettoyaient eux-m\u00eames leur chambre et changeaient leurs draps. Il n&rsquo;y avait pas de serviettes et les h\u00f4tes devaient apporter leurs propres serviettes. Les invit\u00e9s se sont vu attribuer une table au centre de la salle \u00e0 manger du kibboutz et une des membres du kibboutz fut d\u00e9sign\u00e9e pour leur pr\u00e9parer des plats sp\u00e9ciaux et les leur servir. Au fur et \u00e0 mesure que la maison d&rsquo;h\u00f4tes s&rsquo;agrandissait et que de plus en plus de tables \u00e9taient n\u00e9cessaires dans la salle \u00e0 manger, de nombreuses assembl\u00e9es de kibboutz tr\u00e8s agit\u00e9es se sont tenues jusqu&rsquo;\u00e0 ce qu&rsquo;il soit d\u00e9cid\u00e9 de construire une salle \u00e0 manger s\u00e9par\u00e9e pour les membres du kibboutz. A partir de ce moment-l\u00e0, les membres du kibboutz ne purent plus profiter des restes culinaires de leurs h\u00f4tes\u2026<\/p>\n<p>Par la suite, une cabane de plus fut apport\u00e9e de l&rsquo;ancien site, la jeep inconfortable fut remplac\u00e9e par un \u00ab\u00a0studebaker\u00a0\u00bb, des douches furent install\u00e9es sur la plage, un acc\u00e8s facile \u00e0 la plage fut arrang\u00e9 et sur la mer fut plac\u00e9 un grand radeau sur lequel les baigneurs passaient des heures enti\u00e8res jusqu&rsquo;\u00e0 l&rsquo;arriv\u00e9e de la studebaker qui les ramenait au kibboutz.<\/p>\n<p>\u00c0 ce stade, il fut d\u00e9cid\u00e9 de construire des bains ordonn\u00e9s et de construire des piscines dans lesquelles l&rsquo;eau sulfureuse chaude serait dirig\u00e9e. Le responsable de la maison d&rsquo;h\u00f4tes descendait tous les matins, mettait en marche la pompe qui remplissait les piscines de soufre, revenait deux heures plus tard avec les h\u00f4tes, une fois les piscines remplies et, \u00e0 la fin de la journ\u00e9e, vidait les piscines et ramenait les h\u00f4tes dans leur chambre.<\/p>\n<h4>La p\u00e9riode des \u00ab\u00a0abonn\u00e9s\u00a0\u00bb<\/h4>\n<p>La forte demande de s\u00e9jour \u00e0 Ein Gedi \u00e9tait surprenante et inattendue et engendra une situation qui emp\u00eacha d&rsquo;accepter de nouveaux h\u00f4tes. La vente \u00e9tait en fait essentiellement r\u00e9serv\u00e9e \u00e0 un groupe d\u2019anciens abonn\u00e9s, qui venaient deux fois par an, \u00e0 des dates r\u00e9guli\u00e8res. Un folklore complet se forma autour de la liste des abonn\u00e9s. Les gens prirent l&rsquo;habitude de l\u00e9guer leur abonnement \u00e0 Ein Gedi \u00e0 leurs enfants, et le sujet fut m\u00eame abord\u00e9 lors d&rsquo;une \u00e9mission de radio \u00e0 Kol Isra\u00ebl le responsable de la maison d&rsquo;h\u00f4te fut somm\u00e9 d&rsquo;expliquer pourquoi il ne recevait pas d&rsquo;h\u00f4tes.<\/p>\n<p>La maison d&rsquo;h\u00f4tes s&rsquo;agrandit. Les cabanes en bois furent remplac\u00e9es par des b\u00e2timents en b\u00e9ton amovibles. Au centre de la maison d&rsquo;h\u00f4tes, une grande pelouse fut plant\u00e9e et deux petits arbres plant\u00e9s, il faisaient moins d&rsquo;un m\u00e8tre de hauteur &#8211; Ce sont les deux \u00e9normes baobabs d&rsquo;aujourd&rsquo;hui.<\/p>\n<p>La pelouse principale est devenue un point d&rsquo;attraction pour les h\u00f4tes et le centre de la vie culturelle de ceux-ci. Chaque apr\u00e8s-midi, les h\u00f4tes allaient sur la pelouse, se rencontraient, chantaient, racontaient des histoires et se cr\u00e9aient une atmosph\u00e8re particuli\u00e8re qui procura \u00e0 l&rsquo;hospitalit\u00e9 d&rsquo;Ein Gedi son style intime et unique. Des gens de tous les horizons, de divers endroits et de diff\u00e9rentes cultures se rencontraient sur l&rsquo;herbe, pieds nus ou en short, et passaient de longues heures \u00e0 chanter, raconter des histoires ou converser ensemble.<\/p>\n<h4>Construction et agrandissement<\/h4>\n<p>Au fil des ann\u00e9es, l&rsquo;endroit grandissait et se d\u00e9veloppait et la rumeur se rependit en Isra\u00ebl et dans le monde entier qu&rsquo;Ein Gedi \u00e9tait un lieu unique pour la sant\u00e9, le calme et la simplicit\u00e9. Yoske Arelli, le p\u00e8re d&rsquo;un des membres du kibboutz, contacta des personnes dans son Allemagne natale et fit venir de nombreuses personnes d&rsquo;Allemagne, qui aimaient Ein Gedi et y venaient avec d\u00e9vouement et amour pendant plusieurs d\u00e9cennies. Nombre d&rsquo;entre aux voyaient Ein Gedi comme leur deuxi\u00e8me maison. Les liens profonds qui se cr\u00e9aient entre les h\u00f4tes isra\u00e9liens et allemands et entre les membres du kibboutz et les h\u00f4tes \u00e9taient exceptionnels et donnaient \u00e0 cet endroit un caract\u00e8re particulier d&rsquo;amiti\u00e9 et d&rsquo;amour du prochain qui jette un pont entre l&rsquo;histoire, la culture et la g\u00e9ographie.<\/p>\n<p>Les ann\u00e9es suivantes furent des ann\u00e9es de construction et d\u2019agrandissement. En 1984, l\u2019ancien b\u00e2timent des bains fut abandonn\u00e9 et \u00e0 sa place fut construit le b\u00e2timent actuel. Il comprend six piscines, un restaurant, une piscine d\u2019eau douce et un grand magasin de cosm\u00e9tiques. Dans la maison d&rsquo;h\u00f4tes fut construit en 2000, l&rsquo;aile \u00ab\u00a0Arugot\u00a0\u00bb qui compte 32 chambres spacieuses et stylis\u00e9es, la piscine a \u00e9t\u00e9 r\u00e9nov\u00e9e et agrandie, les jardins ont \u00e9t\u00e9 soign\u00e9s avec amour, un grand b\u00e2timent abritant le hall d&rsquo;entr\u00e9e, un petit magasin et m\u00eame un petit bar pour passer la soir\u00e9e et \u00e9videmment le personnel s&rsquo;agrandi.<\/p>\n<p>En 2012, il fut d\u00e9cid\u00e9 de transformer l&rsquo;endroit en h\u00f4tel et de cr\u00e9er une nouvelle aile de luxe. Cette aile comprend aujourd\u2019hui les chambres Arugot, les mini-suites et les suites de luxe et le point culminant &#8211; le spa synergy de luxe. Le personnel de l&rsquo;h\u00f4tel a \u00e9t\u00e9 rejoint par un nouveau chef, qui a \u00e9labor\u00e9 un menu adapt\u00e9 au nouvel h\u00f4tel, bas\u00e9 sur des aliments frais et sains, avec une grande vari\u00e9t\u00e9 de l\u00e9gumes.<\/p>\n<p>Malgr\u00e9 son expansion, l\u2019h\u00f4tel a conserv\u00e9 son caract\u00e8re rustique, intime et paisible. L\u2019h\u00f4tel compte actuellement 166 chambres sur un ou deux \u00e9tages, r\u00e9parties sur un vaste espace de jardins verdoyants, d&rsquo;arbres gigantesques tels que le baobab et le ficus du Bengal et, surtout, un jardin regorgeant de beaut\u00e9 paisible, relaxante et incomparable.<\/p>\n<h4>Nous attendons votre visite.<\/h4>\n<p><strong>Les directeurs d&rsquo;h\u00f4tels \u00e0 travers les g\u00e9n\u00e9rations :<\/strong><\/p>\n<p>Herzel Sinai \u2013 1961-1966, 1969-1976<br \/>\nMano Barak \u2013 1966-1969<br \/>\nDan Beniahu \u2013 1976-1979<br \/>\nAmichai Alber \u2013 1979-1984<br \/>\nGadi Chofesh \u2013 1985-1990<br \/>\nItzik Mazor \u2013 1991-1994<br \/>\nYaakov Israeli (Kuki)\u00a0 \u2013 1994-2001<br \/>\nYochai Ross \u2013 2001-2008<br \/>\nNira Ramon \u2013 2008-2012<br \/>\nDavid Ben Anat \u2013 2012-2016<br \/>\nAdam Tannenbaum \u2013 2017 &#8211; 2018<br \/>\nMoshe Lego \u2013 2018 \u2013 2019<br \/>\nYuval Avramzon 2019-2020<br \/>\nTom Geva &#8211; 2020-2022<br \/>\nDorina Tigelnik &#8211; 2022<\/p>\n<p>A leur c\u00f4t\u00e9, une grande \u00e9quipe de membres et d&rsquo;habitants du kibboutz, qui y ont travaill\u00e9 et qui y travaillent avec d\u00e9vouement et amour.<\/p>\n<\/div><div class=\"fusion-clearfix\"><\/div><\/div><\/div><\/div><\/div><\/p>\n","protected":false},"excerpt":{"rendered":"","protected":false},"author":1,"featured_media":0,"parent":0,"menu_order":0,"comment_status":"closed","ping_status":"closed","template":"100-width.php","meta":{"footnotes":""},"class_list":["post-2131","page","type-page","status-publish","hentry"],"yoast_head":"<!-- This site is optimized with the Yoast SEO plugin v27.3 - https:\/\/yoast.com\/product\/yoast-seo-wordpress\/ -->\n<title>Notre histoire - \u05de\u05dc\u05d5\u05df \u05e2\u05d9\u05df \u05d2\u05d3\u05d9<\/title>\n<meta name=\"robots\" content=\"index, follow, max-snippet:-1, max-image-preview:large, max-video-preview:-1\" \/>\n<link rel=\"canonical\" href=\"https:\/\/ngedi.co.il\/fr\/notre-histoire\/\" \/>\n<meta property=\"og:locale\" content=\"fr_FR\" \/>\n<meta property=\"og:type\" content=\"article\" \/>\n<meta property=\"og:title\" content=\"Notre histoire - \u05de\u05dc\u05d5\u05df \u05e2\u05d9\u05df \u05d2\u05d3\u05d9\" \/>\n<meta property=\"og:url\" content=\"https:\/\/ngedi.co.il\/fr\/notre-histoire\/\" \/>\n<meta property=\"og:site_name\" content=\"\u05de\u05dc\u05d5\u05df \u05e2\u05d9\u05df \u05d2\u05d3\u05d9\" \/>\n<meta property=\"article:modified_time\" content=\"2024-07-09T06:57:02+00:00\" \/>\n<meta name=\"twitter:card\" content=\"summary_large_image\" \/>\n<meta name=\"twitter:label1\" content=\"Dur\u00e9e de lecture estim\u00e9e\" \/>\n\t<meta name=\"twitter:data1\" content=\"7 minutes\" \/>\n<script type=\"application\/ld+json\" class=\"yoast-schema-graph\">{\"@context\":\"https:\\\/\\\/schema.org\",\"@graph\":[{\"@type\":\"WebPage\",\"@id\":\"https:\\\/\\\/ngedi.co.il\\\/fr\\\/notre-histoire\\\/\",\"url\":\"https:\\\/\\\/ngedi.co.il\\\/fr\\\/notre-histoire\\\/\",\"name\":\"Notre histoire - \u05de\u05dc\u05d5\u05df \u05e2\u05d9\u05df \u05d2\u05d3\u05d9\",\"isPartOf\":{\"@id\":\"https:\\\/\\\/ngedi.co.il\\\/fr\\\/#website\"},\"datePublished\":\"2018-12-12T13:07:13+00:00\",\"dateModified\":\"2024-07-09T06:57:02+00:00\",\"breadcrumb\":{\"@id\":\"https:\\\/\\\/ngedi.co.il\\\/fr\\\/notre-histoire\\\/#breadcrumb\"},\"inLanguage\":\"fr-FR\",\"potentialAction\":[{\"@type\":\"ReadAction\",\"target\":[\"https:\\\/\\\/ngedi.co.il\\\/fr\\\/notre-histoire\\\/\"]}]},{\"@type\":\"BreadcrumbList\",\"@id\":\"https:\\\/\\\/ngedi.co.il\\\/fr\\\/notre-histoire\\\/#breadcrumb\",\"itemListElement\":[{\"@type\":\"ListItem\",\"position\":1,\"name\":\"Home\",\"item\":\"https:\\\/\\\/ngedi.co.il\\\/fr\\\/\"},{\"@type\":\"ListItem\",\"position\":2,\"name\":\"Notre histoire\"}]},{\"@type\":\"WebSite\",\"@id\":\"https:\\\/\\\/ngedi.co.il\\\/fr\\\/#website\",\"url\":\"https:\\\/\\\/ngedi.co.il\\\/fr\\\/\",\"name\":\"\u05de\u05dc\u05d5\u05df \u05e2\u05d9\u05df \u05d2\u05d3\u05d9\",\"description\":\"\",\"publisher\":{\"@id\":\"https:\\\/\\\/ngedi.co.il\\\/fr\\\/#organization\"},\"potentialAction\":[{\"@type\":\"SearchAction\",\"target\":{\"@type\":\"EntryPoint\",\"urlTemplate\":\"https:\\\/\\\/ngedi.co.il\\\/fr\\\/?s={search_term_string}\"},\"query-input\":{\"@type\":\"PropertyValueSpecification\",\"valueRequired\":true,\"valueName\":\"search_term_string\"}}],\"inLanguage\":\"fr-FR\"},{\"@type\":\"Organization\",\"@id\":\"https:\\\/\\\/ngedi.co.il\\\/fr\\\/#organization\",\"name\":\"\u05de\u05dc\u05d5\u05df \u05e2\u05d9\u05df \u05d2\u05d3\u05d9 Ein Gedi HOtel\",\"url\":\"https:\\\/\\\/ngedi.co.il\\\/fr\\\/\",\"logo\":{\"@type\":\"ImageObject\",\"inLanguage\":\"fr-FR\",\"@id\":\"https:\\\/\\\/ngedi.co.il\\\/fr\\\/#\\\/schema\\\/logo\\\/image\\\/\",\"url\":\"https:\\\/\\\/ngedi.co.il\\\/wp-content\\\/uploads\\\/2019\\\/04\\\/logo2.png\",\"contentUrl\":\"https:\\\/\\\/ngedi.co.il\\\/wp-content\\\/uploads\\\/2019\\\/04\\\/logo2.png\",\"width\":259,\"height\":95,\"caption\":\"\u05de\u05dc\u05d5\u05df \u05e2\u05d9\u05df \u05d2\u05d3\u05d9 Ein Gedi HOtel\"},\"image\":{\"@id\":\"https:\\\/\\\/ngedi.co.il\\\/fr\\\/#\\\/schema\\\/logo\\\/image\\\/\"}}]}<\/script>\n<!-- \/ Yoast SEO plugin. -->","yoast_head_json":{"title":"Notre histoire - \u05de\u05dc\u05d5\u05df \u05e2\u05d9\u05df \u05d2\u05d3\u05d9","robots":{"index":"index","follow":"follow","max-snippet":"max-snippet:-1","max-image-preview":"max-image-preview:large","max-video-preview":"max-video-preview:-1"},"canonical":"https:\/\/ngedi.co.il\/fr\/notre-histoire\/","og_locale":"fr_FR","og_type":"article","og_title":"Notre histoire - \u05de\u05dc\u05d5\u05df \u05e2\u05d9\u05df \u05d2\u05d3\u05d9","og_url":"https:\/\/ngedi.co.il\/fr\/notre-histoire\/","og_site_name":"\u05de\u05dc\u05d5\u05df \u05e2\u05d9\u05df \u05d2\u05d3\u05d9","article_modified_time":"2024-07-09T06:57:02+00:00","twitter_card":"summary_large_image","twitter_misc":{"Dur\u00e9e de lecture estim\u00e9e":"7 minutes"},"schema":{"@context":"https:\/\/schema.org","@graph":[{"@type":"WebPage","@id":"https:\/\/ngedi.co.il\/fr\/notre-histoire\/","url":"https:\/\/ngedi.co.il\/fr\/notre-histoire\/","name":"Notre histoire - \u05de\u05dc\u05d5\u05df \u05e2\u05d9\u05df \u05d2\u05d3\u05d9","isPartOf":{"@id":"https:\/\/ngedi.co.il\/fr\/#website"},"datePublished":"2018-12-12T13:07:13+00:00","dateModified":"2024-07-09T06:57:02+00:00","breadcrumb":{"@id":"https:\/\/ngedi.co.il\/fr\/notre-histoire\/#breadcrumb"},"inLanguage":"fr-FR","potentialAction":[{"@type":"ReadAction","target":["https:\/\/ngedi.co.il\/fr\/notre-histoire\/"]}]},{"@type":"BreadcrumbList","@id":"https:\/\/ngedi.co.il\/fr\/notre-histoire\/#breadcrumb","itemListElement":[{"@type":"ListItem","position":1,"name":"Home","item":"https:\/\/ngedi.co.il\/fr\/"},{"@type":"ListItem","position":2,"name":"Notre histoire"}]},{"@type":"WebSite","@id":"https:\/\/ngedi.co.il\/fr\/#website","url":"https:\/\/ngedi.co.il\/fr\/","name":"\u05de\u05dc\u05d5\u05df \u05e2\u05d9\u05df \u05d2\u05d3\u05d9","description":"","publisher":{"@id":"https:\/\/ngedi.co.il\/fr\/#organization"},"potentialAction":[{"@type":"SearchAction","target":{"@type":"EntryPoint","urlTemplate":"https:\/\/ngedi.co.il\/fr\/?s={search_term_string}"},"query-input":{"@type":"PropertyValueSpecification","valueRequired":true,"valueName":"search_term_string"}}],"inLanguage":"fr-FR"},{"@type":"Organization","@id":"https:\/\/ngedi.co.il\/fr\/#organization","name":"\u05de\u05dc\u05d5\u05df \u05e2\u05d9\u05df \u05d2\u05d3\u05d9 Ein Gedi HOtel","url":"https:\/\/ngedi.co.il\/fr\/","logo":{"@type":"ImageObject","inLanguage":"fr-FR","@id":"https:\/\/ngedi.co.il\/fr\/#\/schema\/logo\/image\/","url":"https:\/\/ngedi.co.il\/wp-content\/uploads\/2019\/04\/logo2.png","contentUrl":"https:\/\/ngedi.co.il\/wp-content\/uploads\/2019\/04\/logo2.png","width":259,"height":95,"caption":"\u05de\u05dc\u05d5\u05df \u05e2\u05d9\u05df \u05d2\u05d3\u05d9 Ein Gedi HOtel"},"image":{"@id":"https:\/\/ngedi.co.il\/fr\/#\/schema\/logo\/image\/"}}]}},"_links":{"self":[{"href":"https:\/\/ngedi.co.il\/fr\/wp-json\/wp\/v2\/pages\/2131","targetHints":{"allow":["GET"]}}],"collection":[{"href":"https:\/\/ngedi.co.il\/fr\/wp-json\/wp\/v2\/pages"}],"about":[{"href":"https:\/\/ngedi.co.il\/fr\/wp-json\/wp\/v2\/types\/page"}],"author":[{"embeddable":true,"href":"https:\/\/ngedi.co.il\/fr\/wp-json\/wp\/v2\/users\/1"}],"replies":[{"embeddable":true,"href":"https:\/\/ngedi.co.il\/fr\/wp-json\/wp\/v2\/comments?post=2131"}],"version-history":[{"count":9,"href":"https:\/\/ngedi.co.il\/fr\/wp-json\/wp\/v2\/pages\/2131\/revisions"}],"predecessor-version":[{"id":7072,"href":"https:\/\/ngedi.co.il\/fr\/wp-json\/wp\/v2\/pages\/2131\/revisions\/7072"}],"wp:attachment":[{"href":"https:\/\/ngedi.co.il\/fr\/wp-json\/wp\/v2\/media?parent=2131"}],"curies":[{"name":"wp","href":"https:\/\/api.w.org\/{rel}","templated":true}]}}